{"id":17648,"date":"2020-10-23T12:47:57","date_gmt":"2020-10-23T10:47:57","guid":{"rendered":"https:\/\/www.legalmondo.com\/?post_type=product&#038;p=17648"},"modified":"2025-12-29T17:29:42","modified_gmt":"2025-12-29T16:29:42","slug":"distribuzione-vino-inghilterra","status":"publish","type":"product","link":"https:\/\/www.legalmondo.com\/it\/prodotto\/distribuzione-vino-inghilterra\/","title":{"rendered":"La Distribuzione del Vino in Inghilterra"},"content":{"rendered":"","protected":false},"excerpt":{"rendered":"<p>Il mercato mondiale del vino raggiunger\u00e0 un valore di oltre 400 miliardi di dollari entro la fine del 2023.<\/p>\n<p>L\u2019area Asiatica continua a crescere a ritmo sostenuto, le tendenze e le preferenze dei consumatori cambiano rapidamente, la sostenibilit\u00e0 \u00e8 diventata un fattore chiave e la distribuzione omni-channel sta rivoluzionando le modalit\u00e0 di comunicazione e il rapporto con i clienti.<\/p>\n<p>In questo scenario in continua evoluzione, la presenza sui mercati internazionali non pu\u00f2 essere improvvisata: sono imprescindibili una strategia accurata, accordi commerciali corretti, la conoscenza dei diversi mercati e il rispetto delle regole applicabili.<\/p>\n<p>In questa Guida abbiamo raccolto informazioni pratiche per la distribuzione internazionale del vino in 17 Paesi, tra cui Stati Uniti, Cina, Francia, Germania, Italia e molti altri.<\/p>\n<p>La Guida \u00e8 scritta da esperti legali che assistono e supportano gli imprenditori nei loro affari internazionali, che potrai facilmente contattare in caso di necessit\u00e0 di consulenza.<\/p>\n","protected":false},"featured_media":30683,"template":"","meta":{"_acf_changed":false},"sector":[195],"country":[189],"skill":[136],"product_brand":[],"product_cat":[232],"product_tag":[10442],"class_list":{"0":"post-17648","1":"product","2":"type-product","3":"status-publish","4":"has-post-thumbnail","6":"sector-legal-it","7":"country-gb-it","8":"skill-contratti-di-distribuzione","9":"product_cat-online-it","10":"product_tag-uk-it","12":"first","13":"instock","14":"downloadable","15":"virtual","16":"product-type-simple"},"acf":[],"_links":{"self":[{"href":"https:\/\/www.legalmondo.com\/it\/wp-json\/wp\/v2\/product\/17648","targetHints":{"allow":["GET"]}}],"collection":[{"href":"https:\/\/www.legalmondo.com\/it\/wp-json\/wp\/v2\/product"}],"about":[{"href":"https:\/\/www.legalmondo.com\/it\/wp-json\/wp\/v2\/types\/product"}],"wp:featuredmedia":[{"embeddable":true,"href":"https:\/\/www.legalmondo.com\/it\/wp-json\/wp\/v2\/media\/30683"}],"wp:attachment":[{"href":"https:\/\/www.legalmondo.com\/it\/wp-json\/wp\/v2\/media?parent=17648"}],"wp:term":[{"taxonomy":"sector","embeddable":true,"href":"https:\/\/www.legalmondo.com\/it\/wp-json\/wp\/v2\/sector?post=17648"},{"taxonomy":"country","embeddable":true,"href":"https:\/\/www.legalmondo.com\/it\/wp-json\/wp\/v2\/country?post=17648"},{"taxonomy":"skill","embeddable":true,"href":"https:\/\/www.legalmondo.com\/it\/wp-json\/wp\/v2\/skill?post=17648"},{"taxonomy":"product_brand","embeddable":true,"href":"https:\/\/www.legalmondo.com\/it\/wp-json\/wp\/v2\/product_brand?post=17648"},{"taxonomy":"product_cat","embeddable":true,"href":"https:\/\/www.legalmondo.com\/it\/wp-json\/wp\/v2\/product_cat?post=17648"},{"taxonomy":"product_tag","embeddable":true,"href":"https:\/\/www.legalmondo.com\/it\/wp-json\/wp\/v2\/product_tag?post=17648"}],"curies":[{"name":"wp","href":"https:\/\/api.w.org\/{rel}","templated":true}]}}