{"id":17016,"date":"2020-07-31T22:56:37","date_gmt":"2020-07-31T20:56:37","guid":{"rendered":"https:\/\/www.legalmondo.com\/?post_type=product&#038;p=17016"},"modified":"2025-04-03T13:29:33","modified_gmt":"2025-04-03T11:29:33","slug":"contratto-agenzia-commerciale-usa","status":"publish","type":"product","link":"https:\/\/www.legalmondo.com\/it\/prodotto\/contratto-agenzia-commerciale-usa\/","title":{"rendered":"Il Contratto di Agenzia Commerciale in USA"},"content":{"rendered":"","protected":false},"excerpt":{"rendered":"<p>Il contratto di agenzia commerciale \u00e8 uno degli accordi pi\u00f9 utilizzati nel commercio internazionale.<\/p>\n<p>Nell&#8217;Unione Europea il quadro giuridico \u00e8 fissato dalla Direttiva del Consiglio 86\/653\/CEE, ma esistono ancora differenze significative tra le normative nazionali e la giurisprudenza degli Stati membri.<\/p>\n<p>Al di fuori dell&#8217;UE, l&#8217;agenzia commerciale spesso non \u00e8 regolamentata da una legge specifica o pu\u00f2 essere soggetta a leggi a livello federale o statale.<\/p>\n<p>Nella maggior parte dei paesi, anche se le parti sono libere di scegliere la legge applicabile ad un contratto internazionale di agenzia e il metodo di risoluzione delle controversie, alcune disposizioni previste dalle leggi locali non possono essere escluse.<\/p>\n<p>E mentre l&#8217;Agente ha solitamente diritto ad un&#8217;indennit\u00e0 di clientela alla cessazione del contratto, tale indennit\u00e0 pu\u00f2 essere esclusa in alcuni paesi.<\/p>\n<p>Quando si negozia un contratto di agenzia internazionale, quindi, \u00e8 molto importante sapere quali sono le opzioni disponibili, quale legge \u00e8 pi\u00f9 favorevole agli interessi del preponente o dell&#8217;agente, quali disposizioni non possono essere derogate, quale \u00e8 la migliore giurisdizione per la risoluzione delle controversie, e cos\u00ec via.<\/p>\n<p>In questa Guida i nostri esperti legali forniscono alcune risposte e consigli pratici.<\/p>\n","protected":false},"featured_media":30829,"template":"","meta":{"_acf_changed":false},"sector":[195],"country":[191],"skill":[110],"product_brand":[],"product_cat":[232],"product_tag":[9237],"class_list":{"0":"post-17016","1":"product","2":"type-product","3":"status-publish","4":"has-post-thumbnail","6":"sector-legal-it","7":"country-us-it","8":"skill-agenzia","9":"product_cat-online-it","10":"product_tag-usa-it","12":"first","13":"instock","14":"downloadable","15":"virtual","16":"product-type-simple"},"acf":[],"_links":{"self":[{"href":"https:\/\/www.legalmondo.com\/it\/wp-json\/wp\/v2\/product\/17016","targetHints":{"allow":["GET"]}}],"collection":[{"href":"https:\/\/www.legalmondo.com\/it\/wp-json\/wp\/v2\/product"}],"about":[{"href":"https:\/\/www.legalmondo.com\/it\/wp-json\/wp\/v2\/types\/product"}],"wp:featuredmedia":[{"embeddable":true,"href":"https:\/\/www.legalmondo.com\/it\/wp-json\/wp\/v2\/media\/30829"}],"wp:attachment":[{"href":"https:\/\/www.legalmondo.com\/it\/wp-json\/wp\/v2\/media?parent=17016"}],"wp:term":[{"taxonomy":"sector","embeddable":true,"href":"https:\/\/www.legalmondo.com\/it\/wp-json\/wp\/v2\/sector?post=17016"},{"taxonomy":"country","embeddable":true,"href":"https:\/\/www.legalmondo.com\/it\/wp-json\/wp\/v2\/country?post=17016"},{"taxonomy":"skill","embeddable":true,"href":"https:\/\/www.legalmondo.com\/it\/wp-json\/wp\/v2\/skill?post=17016"},{"taxonomy":"product_brand","embeddable":true,"href":"https:\/\/www.legalmondo.com\/it\/wp-json\/wp\/v2\/product_brand?post=17016"},{"taxonomy":"product_cat","embeddable":true,"href":"https:\/\/www.legalmondo.com\/it\/wp-json\/wp\/v2\/product_cat?post=17016"},{"taxonomy":"product_tag","embeddable":true,"href":"https:\/\/www.legalmondo.com\/it\/wp-json\/wp\/v2\/product_tag?post=17016"}],"curies":[{"name":"wp","href":"https:\/\/api.w.org\/{rel}","templated":true}]}}