{"id":13766,"date":"2020-10-19T14:00:19","date_gmt":"2020-10-19T12:00:19","guid":{"rendered":"https:\/\/www.legalmondo.com\/?post_type=product&#038;p=13766"},"modified":"2025-12-29T17:10:01","modified_gmt":"2025-12-29T16:10:01","slug":"guida-distribuzione-internazionale-vino","status":"publish","type":"product","link":"https:\/\/www.legalmondo.com\/it\/prodotto\/guida-distribuzione-internazionale-vino\/","title":{"rendered":"Distribuzione Internazionale del Vino"},"content":{"rendered":"","protected":false},"excerpt":{"rendered":"<p>Il mercato mondiale del vino raggiunger\u00e0 un valore di oltre 400 miliardi di dollari entro la fine del 2023.<\/p>\n<p>L\u2019area Asiatica continua a crescere a ritmo sostenuto, le tendenze e le preferenze dei consumatori cambiano rapidamente, la sostenibilit\u00e0 \u00e8 diventata un fattore chiave e la distribuzione omni-channel sta rivoluzionando le modalit\u00e0 di comunicazione e il rapporto con i clienti.<\/p>\n<p>In questo scenario in continua evoluzione, la presenza sui mercati internazionali non pu\u00f2 essere improvvisata: sono imprescindibili una strategia accurata, accordi commerciali corretti, la conoscenza dei diversi mercati e il rispetto delle regole applicabili.<\/p>\n<p>In questa Guida abbiamo raccolto informazioni pratiche per la distribuzione internazionale del vino in 17 Paesi, tra cui Stati Uniti, Cina, Francia, Germania, Italia e molti altri.<\/p>\n<p>La Guida \u00e8 scritta da esperti legali che assistono e supportano gli imprenditori nei loro affari internazionali, che potrai facilmente contattare in caso di necessit\u00e0 di consulenza.<\/p>\n","protected":false},"featured_media":30683,"template":"","meta":{"_acf_changed":false},"sector":[195],"country":[121,117,123,126,371,141,145,783,289,154,167,163,174,189,131,177,8030,10192,182,185,10665,362,191,358],"skill":[136],"product_brand":[],"product_cat":[232],"product_tag":[9254,9230,10604,1662,9231,237,9850,10759,10442,9233,235,9234,236,9235,9259,10576,8728,9236,10597,10446,9256,239,10870,9232,9847,9237,10594],"class_list":{"0":"post-13766","1":"product","2":"type-product","3":"status-publish","4":"has-post-thumbnail","6":"sector-legal-it","7":"country-br-it","8":"country-at-it","9":"country-ca-it","10":"country-cn-it","11":"country-ru-it","12":"country-fr-it","13":"country-de-it","14":"country-gr-it","15":"country-il-it","16":"country-it-it","17":"country-mx-it","18":"country-nl-it","19":"country-pl-it","20":"country-gb-it","21":"country-cz-it","22":"country-ro-it","23":"country-sg-it","24":"country-si-it","25":"country-es-it","26":"country-ch-it","27":"country-ua-it","28":"country-hu-it","29":"country-us-it","30":"country-vn-it","31":"skill-contratti-di-distribuzione","32":"product_cat-online-it","33":"product_tag-at-it","34":"product_tag-brazil-it","35":"product_tag-canada-it","36":"product_tag-cina","37":"product_tag-france-it","38":"product_tag-germany-it","39":"product_tag-greece-it","40":"product_tag-indonesia-it","41":"product_tag-uk-it","42":"product_tag-israel-it","43":"product_tag-italy-it","44":"product_tag-latvia-it","45":"product_tag-mexico-it","46":"product_tag-netherlands-it","47":"product_tag-poland-it","48":"product_tag-czechrepublic-it","49":"product_tag-romania-it","50":"product_tag-russia-it","51":"product_tag-singapore-it","52":"product_tag-slovenia-it","53":"product_tag-spain-it","54":"product_tag-switzerland-it","55":"product_tag-ukraine-it","56":"product_tag-hungary-it","57":"product_tag-european-union-it","58":"product_tag-usa-it","59":"product_tag-vietnam-it","61":"first","62":"instock","63":"downloadable","64":"virtual","65":"product-type-simple"},"acf":[],"_links":{"self":[{"href":"https:\/\/www.legalmondo.com\/it\/wp-json\/wp\/v2\/product\/13766","targetHints":{"allow":["GET"]}}],"collection":[{"href":"https:\/\/www.legalmondo.com\/it\/wp-json\/wp\/v2\/product"}],"about":[{"href":"https:\/\/www.legalmondo.com\/it\/wp-json\/wp\/v2\/types\/product"}],"wp:featuredmedia":[{"embeddable":true,"href":"https:\/\/www.legalmondo.com\/it\/wp-json\/wp\/v2\/media\/30683"}],"wp:attachment":[{"href":"https:\/\/www.legalmondo.com\/it\/wp-json\/wp\/v2\/media?parent=13766"}],"wp:term":[{"taxonomy":"sector","embeddable":true,"href":"https:\/\/www.legalmondo.com\/it\/wp-json\/wp\/v2\/sector?post=13766"},{"taxonomy":"country","embeddable":true,"href":"https:\/\/www.legalmondo.com\/it\/wp-json\/wp\/v2\/country?post=13766"},{"taxonomy":"skill","embeddable":true,"href":"https:\/\/www.legalmondo.com\/it\/wp-json\/wp\/v2\/skill?post=13766"},{"taxonomy":"product_brand","embeddable":true,"href":"https:\/\/www.legalmondo.com\/it\/wp-json\/wp\/v2\/product_brand?post=13766"},{"taxonomy":"product_cat","embeddable":true,"href":"https:\/\/www.legalmondo.com\/it\/wp-json\/wp\/v2\/product_cat?post=13766"},{"taxonomy":"product_tag","embeddable":true,"href":"https:\/\/www.legalmondo.com\/it\/wp-json\/wp\/v2\/product_tag?post=13766"}],"curies":[{"name":"wp","href":"https:\/\/api.w.org\/{rel}","templated":true}]}}