{"id":14083,"date":"2020-02-07T23:19:42","date_gmt":"2020-02-07T22:19:42","guid":{"rendered":"https:\/\/www.legalmondo.com\/?page_id=14083"},"modified":"2020-06-03T08:19:47","modified_gmt":"2020-06-03T06:19:47","slug":"testimonianze","status":"publish","type":"page","link":"https:\/\/www.legalmondo.com\/it\/testimonianze\/","title":{"rendered":"Testimonianze"},"content":{"rendered":"<h1><strong>Cosa dicono di noi<\/strong><\/h1>\n<p>&#8220;Ho avuto la possibilit\u00e0 di lavorare con diversi avvocati di Legalmondo e il mio feedback \u00e8 molto positivo. Si tratta di una piattaforma innovativa e molto business-friendly. Siamo stati molto soddisfatti&#8221;<\/p>\n<p style=\"text-align: right;\"><strong>Marco Pasquotti, Presidente ANDAF-NordEst<\/strong><\/p>\n<p><strong>\u00a0<\/strong><\/p>\n<p>&#8220;Legalmondo consente un collegamento diretto con avvocati specializzati in tutto il mondo. Il servizio \u00e8 sempre stato rapido ad un costo molto ragionevole. Lo raccomando volentieri&#8221;<\/p>\n<p style=\"text-align: right;\"><strong>Riccardo degli Antonini, In-house Counsel di Confindustria Verona<\/strong><\/p>\n<p><strong>\u00a0<\/strong><\/p>\n<p>&#8220;Quello che state facendo con Legalmondo \u00e8 veramente notevole. Raccomander\u00f2 certamente questa piattaforma ogni volta che mi verr\u00e0 chiesto un consiglio su come trovare un avvocato esperto&#8221;<\/p>\n<p style=\"text-align: right;\"><strong>Derek Sivers, Fondatore di Sivers.org<\/strong><\/p>\n<p>&nbsp;<\/p>\n<p>&#8220;Questa \u00e8 un\u2019ottima piattaforma per le societ\u00e0 cinesi che cercano supporto legale all\u2019estero. Un progetto molto innovativo, che ITTN sostiene e promuove con grande interesse&#8221;<\/p>\n<p style=\"text-align: right;\"><strong>John ZHANG, Segretario Generale di Beijing International Technology Transfer Network<\/strong><\/p>\n<p>&nbsp;<\/p>\n<p>\u201cLavoriamo con Legalmondo per progetti di trasferimento di tecnologia in Cina ed Iran: siamo molto soddisfatti per l\u2019approccio pratico e l\u2019attenzione alle esigenze delle imprese\u201d<\/p>\n<p style=\"text-align: right;\"><strong>Vincenzo Lipardi, Spici S.r.l.<\/strong><\/p>\n<p>&nbsp;<\/p>\n<p>\u201cSiamo stati seguiti per il negoziato di una Joint Venture in Cina e per gli accordi commerciali collegati. Ho apprezzato i tempi di risposta rapidi e spiegazioni molto chiare sulle attivit\u00e0 necessarie\u201d<\/p>\n<p style=\"text-align: right;\"><strong>Riccardo Pasqua, Pasqua Vigneti e Cantine S.p.A.<\/strong><\/p>\n<p>&nbsp;<\/p>\n<p>\u201cNel nostro caso l\u2019esigenza era di essere seguiti nelle trattative per alcuni importanti accordi commerciali internazionali: siamo stati seguiti in modo attento e puntuale\u201d<\/p>\n<p style=\"text-align: right;\"><strong>Antonio Cianci, Airlite LTD<\/strong><\/p>\n<p>&nbsp;<\/p>\n<p>\u201cLa mia societ\u00e0 si \u00e8 rivolta a Legalmondo per la consulenza continuativa sui contratti internazionali: il nostro bisogno di un confronto quotidiano e di feedback immediati \u00e8 sempre stato soddisfatto.\u201d<\/p>\n<p style=\"text-align: right;\"><strong>Daniela Giuliani, Lever S.r.l.<\/strong><\/p>\n<p>&nbsp;<\/p>\n<p>\u201cHo apprezzato contratti chiari e semplici e il focus sulle esigenze operative della mia impresa.\u201d<\/p>\n<p style=\"text-align: right;\"><strong>Lorenzo Poli, A.D. Cartiere Saci S.p.A.<\/strong><\/p>\n<p>&nbsp;<\/p>\n<p>\u201cAvere un referente unico per tutti i mercati in cui opera il nostro gruppo \u00e8 stato un valore aggiunto importante\u201d<\/p>\n<p style=\"text-align: right;\"><strong>Nicola Pezzini, PE Labellers S.p.A. <\/strong><\/p>\n<p><strong>\u00a0<\/strong><\/p>\n<p>\u201cUna piattaforma innovativa, che consente di lavorare con legali esperti in modo semplice e rapido. Ho incontrato personalmente diversi avvocati presenti sulla piattaforma, la professionalit\u00e0 \u00e8 molto elevata\u201d<\/p>\n<p style=\"text-align: right;\"><strong>Luca Canepa, LVC Consulting<\/strong><\/p>\n<p><strong>\u00a0<\/strong><\/p>\n<p>\u201cMi sono rivolto a Legalmondo per un progetto di consorzio internazionale e il servizio \u00e8 stato preciso e rapido. E con costi molto ragionevoli, che per una start up non \u00e8 secondario\u201d.<\/p>\n<p style=\"text-align: right;\"><strong>Andrea Antonelli, Orwell S.r.l.<\/strong><\/p>\n","protected":false},"excerpt":{"rendered":"<p>Cosa dicono di noi &#8220;Ho avuto la possibilit\u00e0 di lavorare con diversi avvocati di Legalmondo e il mio feedback \u00e8 molto positivo. Si tratta di una piattaforma innovativa e molto business-friendly. Siamo stati molto soddisfatti&#8221; Marco Pasquotti, Presidente ANDAF-NordEst \u00a0 &#8220;Legalmondo consente un collegamento diretto con avvocati specializzati in tutto il mondo. Il servizio \u00e8 [&hellip;]<\/p>\n","protected":false},"author":50,"featured_media":0,"parent":0,"menu_order":0,"comment_status":"closed","ping_status":"closed","template":"","meta":{"_acf_changed":false,"footnotes":""},"class_list":["post-14083","page","type-page","status-publish","hentry"],"acf":[],"_links":{"self":[{"href":"https:\/\/www.legalmondo.com\/it\/wp-json\/wp\/v2\/pages\/14083","targetHints":{"allow":["GET"]}}],"collection":[{"href":"https:\/\/www.legalmondo.com\/it\/wp-json\/wp\/v2\/pages"}],"about":[{"href":"https:\/\/www.legalmondo.com\/it\/wp-json\/wp\/v2\/types\/page"}],"author":[{"embeddable":true,"href":"https:\/\/www.legalmondo.com\/it\/wp-json\/wp\/v2\/users\/50"}],"replies":[{"embeddable":true,"href":"https:\/\/www.legalmondo.com\/it\/wp-json\/wp\/v2\/comments?post=14083"}],"version-history":[{"count":5,"href":"https:\/\/www.legalmondo.com\/it\/wp-json\/wp\/v2\/pages\/14083\/revisions"}],"predecessor-version":[{"id":16357,"href":"https:\/\/www.legalmondo.com\/it\/wp-json\/wp\/v2\/pages\/14083\/revisions\/16357"}],"wp:attachment":[{"href":"https:\/\/www.legalmondo.com\/it\/wp-json\/wp\/v2\/media?parent=14083"}],"curies":[{"name":"wp","href":"https:\/\/api.w.org\/{rel}","templated":true}]}}