{"id":13579,"date":"2020-01-30T11:32:08","date_gmt":"2020-01-30T10:32:08","guid":{"rendered":"https:\/\/www.legalmondo.com\/?page_id=13579"},"modified":"2023-03-29T22:41:35","modified_gmt":"2023-03-29T20:41:35","slug":"a-propos-de-nous","status":"publish","type":"page","link":"https:\/\/www.legalmondo.com\/fr\/a-propos-de-nous\/","title":{"rendered":"A propos de nous"},"content":{"rendered":"<h2><strong>Par o\u00f9 nous avons commenc\u00e9<\/strong><\/h2>\n<p>Trouver l\u2019avocat qui sache assister une entreprise sur les march\u00e9s internationaux ne devrait pas \u00eatre n\u00e9cessairement compliqu\u00e9 et on\u00e9reux.<\/p>\n<p>Legalmondo est n\u00e9e pour rendre la recherche et la collaboration avec le bon avocat simple, intuitive et rapide, dans le monde entier.<\/p>\n<h2><strong>Nos avocats<\/strong><\/h2>\n<p>Legalmondo est une plateforme que l\u2019on ne peut int\u00e9grer que sur invitation : nos membres sont des avocats provenant du monde entier, s\u00e9lectionn\u00e9s pour leur expertise dans un domaine sp\u00e9cifique.<\/p>\n<h2><strong>Esprit d\u2019\u00e9quipe<\/strong><\/h2>\n<p><em>\u201cUne petite \u00e9quipe avec beaucoup de talent peut r\u00e9aliser des choses extraordinaires et faire beaucoup mieux que de grands groupes compos\u00e9s de personnes normales&nbsp;\u00bb<\/em> (Steve Jobs)<\/p>\n<p>Nous construisons un groupe de professionnels avec une grande exp\u00e9rience.<\/p>\n<p>Nous cherchons des \u00e9quipiers qui partagent nos valeurs : int\u00e9grit\u00e9, empathie, capacit\u00e9 \u00e0 r\u00e9soudre les probl\u00e8mes.<\/p>\n<p>Nous ne sommes pas press\u00e9s de grandir puisqu\u2019il est difficile de trouver des personnes de ce type.<\/p>\n<p>Si tu es un entrepreneur,&nbsp;nous sommes l\u00e0 pour t\u2019offrir la s\u00e9r\u00e9nit\u00e9 n\u00e9cessaire pour d\u00e9velopper ton activit\u00e9 dans le monde entier.<\/p>\n<p>Si tu es un avocat et que tu penses \u00eatre parfait pour notre groupe, contacte-nous et nous serons ravis de prendre en compte ta candidature.<\/p>\n<h2><strong>La technologie est une bonne chose<\/strong><\/h2>\n<p>Il n\u2019a jamais \u00e9t\u00e9 aussi facile de communiquer et collaborer avec les autres, n\u2019importe o\u00f9 et \u00e0 n\u2019importe quel moment.<\/p>\n<p>La majorit\u00e9 des personnes pensent pourtant que, dans le secteur des services juridiques, rien de bon ne peut venir du monde digital.<\/p>\n<p>Nous sommes n\u00e9s pour changer cette perception et cr\u00e9er un lieu dans lequel les entreprises peuvent collaborer avec un avocat de confiance, n\u2019importe o\u00f9 dans le monde.<\/p>\n<h2><strong>Notre nom<\/strong><\/h2>\n<p>Nous voulions cr\u00e9er un mot qui repr\u00e9sente ce que nous faisons (services juridiques) et l\u2019objectif que nous nous sommes fix\u00e9s (rendre simple le travail avec le bon avocat, partout dans le monde)<\/p>\n<p>Le nom de domaine \u00e9tait disponible et au moment de l\u2019essayer, les personnes l\u2019ont de suite appr\u00e9ci\u00e9, ainsi nous avons choisi Legalmondo.<\/p>\n<h2><strong>L\u2019\u00e9quipe<\/strong><\/h2>\n<p>Tout a commenc\u00e9 avec un avocat (<span class=\"s1\"><a href=\"https:\/\/www.legalmondo.com\/it\/network\/roberto-luzi-crivellini\/\">Roberto<\/a><\/span>) et un physicien (<span class=\"s1\"><a href=\"https:\/\/www.linkedin.com\/in\/marcobursi\/\" target=\"_blank\" rel=\"noopener\">Marco<\/a><\/span>), maintenant le projet est g\u00e9r\u00e9 par une \u00e9quipe solidaire de quatre personnes.<\/p>\n<p>Legalmondo est la propri\u00e9t\u00e9 de 71 Consulting S.r.l., ayant son si\u00e8ge \u00e0 Verona (Italie).<\/p>\n<h2><strong>Differents<\/strong><\/h2>\n<p><em>\u201cNe cherche pas \u00e0 \u00eatre le prochain mais le diff\u00e9rent, le changement, le nouveau\u201d<\/em> (Seth Godin).<\/p>\n<p>Nous ne nous positionnons en concurrence avec aucune association, cabinet d\u2019avocats ou r\u00e9seau professionnel.<\/p>\n<p>Nous voulons \u00eatre diff\u00e9rents, innover, changer le statu quo.<\/p>\n<h2><strong>Une plan\u00e8te \u00e0 sauver<\/strong><\/h2>\n<p>Enfin mais n\u00e9anmoins important&nbsp;:<\/p>\n<p>Le temps est compt\u00e9 et Legalmondo peut, et doit, apporter sa contribution.<\/p>\n<p>Nous le faisons en soutenant les personnes qui luttent pour une bonne cause.<\/p>\n<p>\u201cMonde\u201d est dans notre nom pour une raison.<\/p>\n","protected":false},"excerpt":{"rendered":"<p>Par o\u00f9 nous avons commenc\u00e9 Trouver l\u2019avocat qui sache assister une entreprise sur les march\u00e9s internationaux ne devrait pas \u00eatre n\u00e9cessairement compliqu\u00e9 et on\u00e9reux. Legalmondo est n\u00e9e pour rendre la recherche et la collaboration avec le bon avocat simple, intuitive et rapide, dans le monde entier. Nos avocats Legalmondo est une plateforme que l\u2019on ne [&hellip;]<\/p>\n","protected":false},"author":1,"featured_media":13582,"parent":0,"menu_order":0,"comment_status":"closed","ping_status":"closed","template":"page-about.php","meta":{"_acf_changed":false,"footnotes":""},"class_list":["post-13579","page","type-page","status-publish","has-post-thumbnail","hentry"],"acf":[],"_links":{"self":[{"href":"https:\/\/www.legalmondo.com\/fr\/wp-json\/wp\/v2\/pages\/13579","targetHints":{"allow":["GET"]}}],"collection":[{"href":"https:\/\/www.legalmondo.com\/fr\/wp-json\/wp\/v2\/pages"}],"about":[{"href":"https:\/\/www.legalmondo.com\/fr\/wp-json\/wp\/v2\/types\/page"}],"author":[{"embeddable":true,"href":"https:\/\/www.legalmondo.com\/fr\/wp-json\/wp\/v2\/users\/1"}],"replies":[{"embeddable":true,"href":"https:\/\/www.legalmondo.com\/fr\/wp-json\/wp\/v2\/comments?post=13579"}],"version-history":[{"count":5,"href":"https:\/\/www.legalmondo.com\/fr\/wp-json\/wp\/v2\/pages\/13579\/revisions"}],"predecessor-version":[{"id":21646,"href":"https:\/\/www.legalmondo.com\/fr\/wp-json\/wp\/v2\/pages\/13579\/revisions\/21646"}],"wp:featuredmedia":[{"embeddable":true,"href":"https:\/\/www.legalmondo.com\/fr\/wp-json\/wp\/v2\/media\/13582"}],"wp:attachment":[{"href":"https:\/\/www.legalmondo.com\/fr\/wp-json\/wp\/v2\/media?parent=13579"}],"curies":[{"name":"wp","href":"https:\/\/api.w.org\/{rel}","templated":true}]}}