{"id":8279,"date":"2018-08-23T15:02:01","date_gmt":"2018-08-23T13:02:01","guid":{"rendered":"https:\/\/www.legalmondo.com\/home\/"},"modified":"2024-02-10T20:25:25","modified_gmt":"2024-02-10T19:25:25","slug":"home","status":"publish","type":"page","link":"https:\/\/www.legalmondo.com\/es\/","title":{"rendered":"Home"},"content":{"rendered":"\r\n<h2 class=\"wp-block-heading\">Como trabajamos<\/h2>\r\n\r\n\r\n\r\n<p><strong>Smart working<\/strong> para nosotros no es una palabra de moda: significa trabajar de forma integrada con las empresas, proporcionando un servicio especializado <strong>online<\/strong> y <strong>offline<\/strong> de forma sencilla, r\u00e1pida y pr\u00e1ctica.<\/p>\r\n\r\n\r\n\r\n<p>Legalmondo naci\u00f3 para innovar el sector de los servicios jur\u00eddicos internacionales, combinando <strong>tecnolog\u00eda<\/strong>, <strong>experiencia<\/strong> y <strong>profesionalidad<\/strong>.<\/p>\r\n\r\n\r\n\r\n<p>Nuestro objetivo es asegurar que las empresas operen de forma <strong>segura<\/strong>, <strong>informada<\/strong> y <strong>sostenible<\/strong> en los mercados de todo el mundo.<\/p>\r\n","protected":false},"excerpt":{"rendered":"<p>Como trabajamos Smart working para nosotros no es una palabra de moda: significa trabajar de forma integrada con las empresas, proporcionando un servicio especializado online y offline de forma sencilla, r\u00e1pida y pr\u00e1ctica. Legalmondo naci\u00f3 para innovar el sector de los servicios jur\u00eddicos internacionales, combinando tecnolog\u00eda, experiencia y profesionalidad. Nuestro objetivo es asegurar que las [&hellip;]<\/p>\n","protected":false},"author":1,"featured_media":0,"parent":0,"menu_order":0,"comment_status":"closed","ping_status":"closed","template":"page-home.php","meta":{"_acf_changed":false,"footnotes":""},"class_list":["post-8279","page","type-page","status-publish","hentry"],"acf":[],"_links":{"self":[{"href":"https:\/\/www.legalmondo.com\/es\/wp-json\/wp\/v2\/pages\/8279","targetHints":{"allow":["GET"]}}],"collection":[{"href":"https:\/\/www.legalmondo.com\/es\/wp-json\/wp\/v2\/pages"}],"about":[{"href":"https:\/\/www.legalmondo.com\/es\/wp-json\/wp\/v2\/types\/page"}],"author":[{"embeddable":true,"href":"https:\/\/www.legalmondo.com\/es\/wp-json\/wp\/v2\/users\/1"}],"replies":[{"embeddable":true,"href":"https:\/\/www.legalmondo.com\/es\/wp-json\/wp\/v2\/comments?post=8279"}],"version-history":[{"count":3,"href":"https:\/\/www.legalmondo.com\/es\/wp-json\/wp\/v2\/pages\/8279\/revisions"}],"predecessor-version":[{"id":20354,"href":"https:\/\/www.legalmondo.com\/es\/wp-json\/wp\/v2\/pages\/8279\/revisions\/20354"}],"wp:attachment":[{"href":"https:\/\/www.legalmondo.com\/es\/wp-json\/wp\/v2\/media?parent=8279"}],"curies":[{"name":"wp","href":"https:\/\/api.w.org\/{rel}","templated":true}]}}