{"id":1395,"date":"2016-11-28T15:34:53","date_gmt":"2016-11-28T14:34:53","guid":{"rendered":"https:\/\/www.legalmondo.com\/es\/?page_id=1395"},"modified":"2023-03-29T22:42:07","modified_gmt":"2023-03-29T20:42:07","slug":"quienes-somos","status":"publish","type":"page","link":"https:\/\/www.legalmondo.com\/es\/quienes-somos\/","title":{"rendered":"Qui\u00e9nes somos"},"content":{"rendered":"<h2><strong>Empez\u00f2 aqu\u00ed<\/strong><\/h2>\n<p>La b\u00fasqueda de abogados extranjeros no debe ser complicada.<br \/>\nLegalmondo naci\u00f3 para hacer f\u00e1cil, eficaz y r\u00e1pido el encontrar y trabajar con el abogado adecuado en cualquier lugar del mundo.<\/p>\n<h2><strong>Nuestros abogados<\/strong><\/h2>\n<p>Nuestros miembros son abogados seleccionados de todo el mundo, los cuales son expertos en cierta \u00e1rea de pr\u00e1ctica.<\/p>\n<h2><strong>Team work<\/strong><\/h2>\n<p>\u201c<em>Equipos peque\u00f1os y medianos de gente muy talentosa pueden conseguir cosas extraordinarias y superar a equipos grandes de gente normal\u201d <\/em>(Steve Jobs)<\/p>\n<p>Estamos construyendo un equipo de abogados excelentes.<\/p>\n<p>Buscamos gente de equipo, que comparta nuestros valores: integridad, empat\u00eda, focalizados en resolver problemas.<\/p>\n<p>No tenemos prisa por crecer, puesto que estas personas son dif\u00edciles de encontrar.<\/p>\n<h2><strong>La tecnolog\u00eda est\u00e1 aqu\u00ed para quedarse<\/strong><\/h2>\n<p>Nunca ha sido tan f\u00e1cil comunicarse y colaborar con otras personas, no importa donde est\u00e9n, a cualquier hora.<\/p>\n<p>Pero a\u00fan as\u00ed, para la mayor\u00eda de la gente, cuando se trata de servicios legales nada bueno puede venir de la web.<\/p>\n<p>Queremos cambiar esa percepci\u00f3n y ser el lugar donde las empresas puedan trabajar con un abogado de confianza dondequiera que lo necesiten.<\/p>\n<h2><strong>Nuestro nombre<\/strong><\/h2>\n<p>Legalmondo = Legal+Mondo (mundo, en italiano). Quer\u00edamos encontrar un nuevo t\u00e9rmino que representara lo que hacemos (servicios legales) y nuestra meta (hacer f\u00e1cil el trabajar con el abogado adecuado en cualquier lugar del mundo).<\/p>\n<p>El nombre de dominio estaba disponible y cuando lo probamos vimos que a la gente le gustaba, as\u00ed que fue Legalmondo.<\/p>\n<h2><strong>Equipo<\/strong><\/h2>\n<p>Empez\u00f3 con un abogado (<span class=\"s1\"><a href=\"https:\/\/www.legalmondo.com\/es\/network\/roberto-luzi-crivellini\/\">Roberto<\/a><\/span>) y un f\u00edsico (<span class=\"s1\"><a href=\"https:\/\/www.linkedin.com\/in\/marcobursi\/\" target=\"_blank\" rel=\"noopener\">Marco<\/a><\/span>) y ahora somos un cohesionado equipo de cuatro personas, dedicadas a desarrollar el proyecto.<\/p>\n<p>Legalmondo es propiedad de 71 Consulting S.r.L., una sociedad con sede en Verona (Italia).<\/p>\n<h2><strong>Diferentes<\/strong><\/h2>\n<p><em>\u00abNo intentes ser el siguiente. En cambio, intenta ser el otro, el innovador, el nuevo\u201d<\/em>&nbsp;(Seth Godin)<\/p>\n<p>No competimos con ninguna asociaci\u00f3n, alianza de despachos o red de recomendaciones.<\/p>\n<p>Queremos cambiar el status quo.<\/p>\n<p>P\u00f3nganos a prueba.<\/p>\n<h2><strong>Salvemos el planeta<\/strong><\/h2>\n<p>Por \u00faltimo, pero no menos importante:<\/p>\n<p>El tiempo est\u00e1 corriendo deprisa para nuestro Planeta y Legalmondo puede, y debe, tener un impacto ah\u00ed fuera.<\/p>\n<p>Lo haremos apoyando a la gente que lucha por una buena causa.<\/p>\n<p>Por algo \u201cMondo\u201d es en nuestro nombre.<\/p>\n","protected":false},"excerpt":{"rendered":"<p>Empez\u00f2 aqu\u00ed La b\u00fasqueda de abogados extranjeros no debe ser complicada. Legalmondo naci\u00f3 para hacer f\u00e1cil, eficaz y r\u00e1pido el encontrar y trabajar con el abogado adecuado en cualquier lugar del mundo. Nuestros abogados Nuestros miembros son abogados seleccionados de todo el mundo, los cuales son expertos en cierta \u00e1rea de pr\u00e1ctica. Team work \u201cEquipos [&hellip;]<\/p>\n","protected":false},"author":50,"featured_media":10923,"parent":0,"menu_order":0,"comment_status":"closed","ping_status":"closed","template":"page-about.php","meta":{"_acf_changed":false,"footnotes":""},"class_list":["post-1395","page","type-page","status-publish","has-post-thumbnail","hentry"],"acf":[],"_links":{"self":[{"href":"https:\/\/www.legalmondo.com\/es\/wp-json\/wp\/v2\/pages\/1395","targetHints":{"allow":["GET"]}}],"collection":[{"href":"https:\/\/www.legalmondo.com\/es\/wp-json\/wp\/v2\/pages"}],"about":[{"href":"https:\/\/www.legalmondo.com\/es\/wp-json\/wp\/v2\/types\/page"}],"author":[{"embeddable":true,"href":"https:\/\/www.legalmondo.com\/es\/wp-json\/wp\/v2\/users\/50"}],"replies":[{"embeddable":true,"href":"https:\/\/www.legalmondo.com\/es\/wp-json\/wp\/v2\/comments?post=1395"}],"version-history":[{"count":5,"href":"https:\/\/www.legalmondo.com\/es\/wp-json\/wp\/v2\/pages\/1395\/revisions"}],"predecessor-version":[{"id":21647,"href":"https:\/\/www.legalmondo.com\/es\/wp-json\/wp\/v2\/pages\/1395\/revisions\/21647"}],"wp:featuredmedia":[{"embeddable":true,"href":"https:\/\/www.legalmondo.com\/es\/wp-json\/wp\/v2\/media\/10923"}],"wp:attachment":[{"href":"https:\/\/www.legalmondo.com\/es\/wp-json\/wp\/v2\/media?parent=1395"}],"curies":[{"name":"wp","href":"https:\/\/api.w.org\/{rel}","templated":true}]}}