{"id":13601,"date":"2020-01-30T13:15:15","date_gmt":"2020-01-30T12:15:15","guid":{"rendered":"https:\/\/www.legalmondo.com\/?page_id=13601"},"modified":"2023-03-29T22:44:17","modified_gmt":"2023-03-29T20:44:17","slug":"wer-wir-sind","status":"publish","type":"page","link":"https:\/\/www.legalmondo.com\/de\/wer-wir-sind\/","title":{"rendered":"Wer wir sind"},"content":{"rendered":"<h2>Damit hat alles angefangen<\/h2>\n<p>Das Finden des passenden Rechtsanwalts, der das Unternehmen auf den verschieden internationalen M\u00e4rkten unterst\u00fctzen kann, muss nicht zwangsl\u00e4ufig kompliziert und teuer sein.<\/p>\n<p>Legalmondo ist entstanden, um die Suche nach dem richtigen Anwalt und die Zusammenarbeit mit ihm einfach, intuitiv und zeitsparend zu gestalten, und zwar weltweit.<\/p>\n<h2>Unsere Rechtsanw\u00e4lte<\/h2>\n<p>Legalmondo ist eine Plattform, zu der nur geladene Mitglieder Zugang erhalten: Unsere Mitglieder sind Anw\u00e4lte aus der ganzen Welt, die als Spezialisten in einem bestimmten T\u00e4tigkeitsbereich ausgew\u00e4hlt wurden.<\/p>\n<h2>Teamplay<\/h2>\n<p><em>&#8222;Ein kleines Team mit gro\u00dfem Talent kann Au\u00dfergew\u00f6hnliches leisten und mehr bewirken als gro\u00dfe Gruppen gew\u00f6hnlicher Menschen&#8220; <\/em>(Steve Jobs)<\/p>\n<p>Wir sind dabei, ein Team von hochqualifizierten Fachleuten aufzubauen.<\/p>\n<p>Daf\u00fcr suchen wir Teamplayer, die unsere Werte teilen: Aufrichtigkeit, Einf\u00fchlungsverm\u00f6gen, L\u00f6sungsorientierung.<\/p>\n<p>Dabei haben wir es mit dem Wachsen nicht so eilig, denn es ist schwierig, solche Menschen zu finden.<\/p>\n<p>Und falls du ein Unternehmer bist, dann sind wir da, um dir die n\u00f6tige Sicherheit zu bieten, damit du deinen Gesch\u00e4ften auf der ganzen Welt nachgehen kannst.<\/p>\n<p>Falls du aber ein Anwalt bist und glaubst perfekt zu unserer Gruppe zu passen, dann nimm bitte Kontakt mit uns auf und wir werden gerne deine Bewerbung pr\u00fcfen.<\/p>\n<h2>Neue Technologien sind eine gute Sache<\/h2>\n<p>Nie zuvor war es so einfach, miteinander in Kontakt zu treten und zusammenzuarbeiten, egal wo wir uns befinden und zu welcher Zeit dies auch geschehen soll.<\/p>\n<p>Trotzdem glauben die allermeisten Menschen, dass im Bereich der juristischen Dienstleistungen nichts Gutes aus der digitalen Welt hervorgehen kann.<\/p>\n<p>Wir haben es uns zur Aufgabe gemacht, eben diese Wahrnehmung zu ver\u00e4ndern und einen Raum zu schaffen, in dem Unternehmen weltweit mit einem vertrauensw\u00fcrdigen Anwalt kooperieren k\u00f6nnen.<\/p>\n<h2>Unser Name<\/h2>\n<p>Bei der Wahl des Namens haben wir ein Wort geschaffen, das sowohl unsere T\u00e4tigkeit (die juristischen Dienstleistungen) als auch unser angestrebtes Ziel (die Kooperation mit dem richtigen Anwalt, weltweit, zu erleichtern) verk\u00f6rpert.<\/p>\n<p>Die entsprechende Dom\u00e4ne war gl\u00fccklicherweise verf\u00fcgbar, und als wir mit dem Namen an die \u00d6ffentlichkeit traten, fand er schnell Anklang. So w\u00e4hlten wir Legalmondo.<\/p>\n<h2>Das Team<\/h2>\n<p>Angefangen hat es mit einem Rechtsanwalt (<span class=\"s1\"><a href=\"https:\/\/www.legalmondo.com\/it\/network\/roberto-luzi-crivellini\/\">Roberto<\/a><\/span>) und einem Physiker (<span class=\"s1\"><a href=\"https:\/\/www.linkedin.com\/in\/marcobursi\/\" target=\"_blank\" rel=\"noopener\">Marco<\/a><\/span>), mittlerweile wird das Projekt von einem eingespielten Team von vier Personen betreut.<\/p>\n<p>Legalmondo ist Eigentum der 71 Consulting S.r.l. und hat seinen Sitz in Verona (Italien).<\/p>\n<h2>Das ist anders<\/h2>\n<p><em>&#8222;Versuche nicht, der N\u00e4chste zu sein, sondern sei der Andere, die Ver\u00e4nderung, das Neue\u201d<\/em>&nbsp;(Seth Godin)<\/p>\n<p>Wir sehen uns nicht im Wettbewerb, weder mit Verb\u00e4nden, Anwaltskanzleien noch beruflichen Netzwerken.<\/p>\n<p>Wir m\u00f6chten anders sein, innovativ sein, die Spielregeln \u00e4ndern.<\/p>\n<h2>Einen Planeten gilt es zu retten<\/h2>\n<p>Und dies nicht zuletzt.<\/p>\n<p>Die Zeit l\u00e4uft uns davon und Legalmondo kann und soll seinen Beitrag leisten.<\/p>\n<p>Wir tun dies, indem wir Menschen f\u00f6rdern, die f\u00fcr eine gute Sache k\u00e4mpfen.<\/p>\n<p>&#8222;Welt&#8220; steckt nicht umsonst in unserem Namen.<\/p>\n","protected":false},"excerpt":{"rendered":"<p>Damit hat alles angefangen Das Finden des passenden Rechtsanwalts, der das Unternehmen auf den verschieden internationalen M\u00e4rkten unterst\u00fctzen kann, muss nicht zwangsl\u00e4ufig kompliziert und teuer sein. Legalmondo ist entstanden, um die Suche nach dem richtigen Anwalt und die Zusammenarbeit mit ihm einfach, intuitiv und zeitsparend zu gestalten, und zwar weltweit. Unsere Rechtsanw\u00e4lte Legalmondo ist eine [&hellip;]<\/p>\n","protected":false},"author":1,"featured_media":13605,"parent":0,"menu_order":0,"comment_status":"closed","ping_status":"closed","template":"page-about.php","meta":{"_acf_changed":false,"footnotes":""},"class_list":["post-13601","page","type-page","status-publish","has-post-thumbnail","hentry"],"acf":[],"_links":{"self":[{"href":"https:\/\/www.legalmondo.com\/de\/wp-json\/wp\/v2\/pages\/13601","targetHints":{"allow":["GET"]}}],"collection":[{"href":"https:\/\/www.legalmondo.com\/de\/wp-json\/wp\/v2\/pages"}],"about":[{"href":"https:\/\/www.legalmondo.com\/de\/wp-json\/wp\/v2\/types\/page"}],"author":[{"embeddable":true,"href":"https:\/\/www.legalmondo.com\/de\/wp-json\/wp\/v2\/users\/1"}],"replies":[{"embeddable":true,"href":"https:\/\/www.legalmondo.com\/de\/wp-json\/wp\/v2\/comments?post=13601"}],"version-history":[{"count":5,"href":"https:\/\/www.legalmondo.com\/de\/wp-json\/wp\/v2\/pages\/13601\/revisions"}],"predecessor-version":[{"id":21649,"href":"https:\/\/www.legalmondo.com\/de\/wp-json\/wp\/v2\/pages\/13601\/revisions\/21649"}],"wp:featuredmedia":[{"embeddable":true,"href":"https:\/\/www.legalmondo.com\/de\/wp-json\/wp\/v2\/media\/13605"}],"wp:attachment":[{"href":"https:\/\/www.legalmondo.com\/de\/wp-json\/wp\/v2\/media?parent=13601"}],"curies":[{"name":"wp","href":"https:\/\/api.w.org\/{rel}","templated":true}]}}